{"id":63,"date":"2023-08-09T11:05:21","date_gmt":"2023-08-09T11:05:21","guid":{"rendered":"https:\/\/krpoy.snaplink.fi\/?page_id=63"},"modified":"2023-08-22T14:15:09","modified_gmt":"2023-08-22T14:15:09","slug":"yritys","status":"publish","type":"page","link":"https:\/\/terasrakenne.fi\/en\/yritys\/","title":{"rendered":"Company"},"content":{"rendered":"<section class=\"bde-section-63-101 bde-section\">\n  \n  \n\t\n\n\n\n<div class=\"section-container\"><div class=\"bde-columns-63-102 bde-columns\"><div class=\"bde-column-63-109 bde-column\">\n  \n  \n\t\n\n\n\n<div class=\"bde-image-63-110 bde-image\">\n<figure class=\"breakdance-image breakdance-image--17\">\n\t<div class=\"breakdance-image-container\">\n\t\t<div class=\"breakdance-image-clip\"><img loading=\"lazy\" decoding=\"async\" class=\"breakdance-image-object\" src=\"https:\/\/terasrakenne.fi\/wp-content\/uploads\/2023\/08\/KRP_logp.png\" width=\"1672\" height=\"644\" srcset=\"https:\/\/terasrakenne.fi\/wp-content\/uploads\/2023\/08\/KRP_logp.png 1672w, https:\/\/terasrakenne.fi\/wp-content\/uploads\/2023\/08\/KRP_logp-300x116.png 300w, https:\/\/terasrakenne.fi\/wp-content\/uploads\/2023\/08\/KRP_logp-1024x394.png 1024w, https:\/\/terasrakenne.fi\/wp-content\/uploads\/2023\/08\/KRP_logp-768x296.png 768w, https:\/\/terasrakenne.fi\/wp-content\/uploads\/2023\/08\/KRP_logp-1536x592.png 1536w\" sizes=\"auto, (max-width: 1672px) 100vw, 1672px\"><\/div>\n\t<\/div><\/figure>\n\n<\/div>\n<\/div><div class=\"bde-column-63-105 bde-column\">\n  \n  \n\t\n\n\n\n<h2 class=\"bde-heading-63-106 bde-heading\">\nCOMPANY\n<\/h2><div class=\"bde-text-63-107 bde-text\">\nKRP Oy Ter\u00e4srakken is a company founded in 2019, which, as its name suggests, is focused on steel structures and construction. The company&#039;s turnover is 3-4 m\u20ac. The company is going to grow and develop into a significant player in the future as a steel construction company.<br><br>KRP Oy Ter\u00e4srakkenne mainly builds new construction, but experience and know-how can be found widely in different areas of construction, including renovation construction. <br><br>We deliver products related to steel and metal structures either as partial deliveries or installed. We also carry out complete construction projects with all work phases as a turnkey concept as a KVR or main contractor.<br><br>If necessary, we design the steel structures and produce production pictures of them.<br><br>The company&#039;s organization consists of project and work managers, as well as other construction professionals who guarantee effective project management.<br>\n<\/div>\n<\/div><\/div><\/div>\n<\/section>","protected":false},"excerpt":{"rendered":"<p>YRITYS KRP Oy Ter\u00e4srakenne on vuonna 2019 perustettu yhti\u00f6, joka nimens\u00e4 mukaisesti on keskittynyt ter\u00e4srakenteisiin ja -rakentamiseen. Yhti\u00f6n liikevaihto on 3-4 m\u20ac. Yhti\u00f6t\u00e4 aiotaan kasvattaa ja kehitt\u00e4\u00e4 tulevaisuudessa merkitt\u00e4v\u00e4ksi toimijaksi ter\u00e4srakentajana.KRP Oy Ter\u00e4srakenne rakentaa p\u00e4\u00e4asiassa uutta, mutta kokemusta ja osaamista l\u00f6ytyy laajasti rakentamisen eri osa-alueilta, my\u00f6s korjausrakentamisesta. Toimitamme ter\u00e4s- ja metallirakenteisiin liittyv\u00e4t tuotteet joko osatoimituksina [&hellip;]<\/p>\n","protected":false},"author":1,"featured_media":0,"parent":0,"menu_order":0,"comment_status":"closed","ping_status":"closed","template":"","meta":{"_acf_changed":false,"_breakdance_hide_in_design_set":false,"_breakdance_tags":"","footnotes":""},"class_list":["post-63","page","type-page","status-publish","hentry"],"acf":[],"_links":{"self":[{"href":"https:\/\/terasrakenne.fi\/en\/wp-json\/wp\/v2\/pages\/63","targetHints":{"allow":["GET"]}}],"collection":[{"href":"https:\/\/terasrakenne.fi\/en\/wp-json\/wp\/v2\/pages"}],"about":[{"href":"https:\/\/terasrakenne.fi\/en\/wp-json\/wp\/v2\/types\/page"}],"author":[{"embeddable":true,"href":"https:\/\/terasrakenne.fi\/en\/wp-json\/wp\/v2\/users\/1"}],"replies":[{"embeddable":true,"href":"https:\/\/terasrakenne.fi\/en\/wp-json\/wp\/v2\/comments?post=63"}],"version-history":[{"count":11,"href":"https:\/\/terasrakenne.fi\/en\/wp-json\/wp\/v2\/pages\/63\/revisions"}],"predecessor-version":[{"id":214,"href":"https:\/\/terasrakenne.fi\/en\/wp-json\/wp\/v2\/pages\/63\/revisions\/214"}],"wp:attachment":[{"href":"https:\/\/terasrakenne.fi\/en\/wp-json\/wp\/v2\/media?parent=63"}],"curies":[{"name":"wp","href":"https:\/\/api.w.org\/{rel}","templated":true}]}}