{"id":59,"date":"2023-08-09T11:03:13","date_gmt":"2023-08-09T11:03:13","guid":{"rendered":"https:\/\/krpoy.snaplink.fi\/?page_id=59"},"modified":"2023-08-22T15:15:48","modified_gmt":"2023-08-22T15:15:48","slug":"rakentaminen","status":"publish","type":"page","link":"https:\/\/terasrakenne.fi\/en\/rakentaminen\/","title":{"rendered":"Construction"},"content":{"rendered":"<section class=\"bde-section-59-100 bde-section\">\n  \n  \n\t\n\n\n\n<div class=\"section-container\"><h2 class=\"bde-heading-59-105 bde-heading\">\nCONSTRUCTION\n<\/h2><div class=\"bde-columns-59-101 bde-columns\"><div class=\"bde-column-59-104 bde-column\">\n  \n  \n\t\n\n\n\n<div class=\"bde-text-59-106 bde-text\">\nTypical construction projects for us are various steel-framed canopies, halls, towers, business and production facilities, and business premises. We also manage steel construction projects with special requirements.<br><br>In addition to the steel frame solution, we also implement wooden and reinforced concrete frames and their combinations.<br><br>We carry out the construction as a KVR project or as a main contractor<br><br>We implement carefully planned and sustainably built industrial and business premises. We are constantly looking for new solutions to increase quality and enhance the construction process.<br>\n<\/div>\n<\/div><div class=\"bde-column-59-102 bde-column\">\n  \n  \n\t\n\n\n\n<div class=\"bde-image-59-103 bde-image\">\n<figure class=\"breakdance-image breakdance-image--169\">\n\t<div class=\"breakdance-image-container\">\n\t\t<div class=\"breakdance-image-clip\"><img loading=\"lazy\" decoding=\"async\" class=\"breakdance-image-object\" src=\"https:\/\/terasrakenne.fi\/wp-content\/uploads\/2023\/08\/image2.png\" width=\"615\" height=\"456\" srcset=\"https:\/\/terasrakenne.fi\/wp-content\/uploads\/2023\/08\/image2.png 615w, https:\/\/terasrakenne.fi\/wp-content\/uploads\/2023\/08\/image2-300x222.png 300w\" sizes=\"auto, (max-width: 615px) 100vw, 615px\"><\/div>\n\t<\/div><figcaption class=\"breakdance-image__caption\">Helsinki Steel Hall 1800 m2 <br><\/figcaption><\/figure>\n\n<\/div>\n<\/div><\/div><\/div>\n<\/section>","protected":false},"excerpt":{"rendered":"<p>RAKENTAMINEN Meille tyypillisi\u00e4 rakennusprojekteja ovat erilaiset ter\u00e4srunkoiset katokset, hallit, tornit, toimi- ja tuotantotilat sek\u00e4 liiketilat. Hallitsemme my\u00f6s eritysvaativat ter\u00e4srakennuskohteet.Ter\u00e4srunkoratkaisun lis\u00e4ksi toteutamme my\u00f6s puu- ja ter\u00e4sbetonirunkoja sek\u00e4 n\u00e4iden yhdistelmi\u00e4.Toteutamme rakentamisen KVR-hankkeena tai p\u00e4\u00e4urakointinaToteutamme huolellisesti suunniteltuja ja kest\u00e4v\u00e4sti rakennettuja teollisuus- ja toimitiloja. Etsimme jatkuvasti uusia ratkaisuja, joilla saadaan nostettua laatua ja tehostettua rakentamisen prosessia. Helsinki Ter\u00e4shalli 1800 [&hellip;]<\/p>\n","protected":false},"author":1,"featured_media":0,"parent":0,"menu_order":0,"comment_status":"closed","ping_status":"closed","template":"","meta":{"_acf_changed":false,"_breakdance_hide_in_design_set":false,"_breakdance_tags":"","footnotes":""},"class_list":["post-59","page","type-page","status-publish","hentry"],"acf":[],"_links":{"self":[{"href":"https:\/\/terasrakenne.fi\/en\/wp-json\/wp\/v2\/pages\/59","targetHints":{"allow":["GET"]}}],"collection":[{"href":"https:\/\/terasrakenne.fi\/en\/wp-json\/wp\/v2\/pages"}],"about":[{"href":"https:\/\/terasrakenne.fi\/en\/wp-json\/wp\/v2\/types\/page"}],"author":[{"embeddable":true,"href":"https:\/\/terasrakenne.fi\/en\/wp-json\/wp\/v2\/users\/1"}],"replies":[{"embeddable":true,"href":"https:\/\/terasrakenne.fi\/en\/wp-json\/wp\/v2\/comments?post=59"}],"version-history":[{"count":11,"href":"https:\/\/terasrakenne.fi\/en\/wp-json\/wp\/v2\/pages\/59\/revisions"}],"predecessor-version":[{"id":234,"href":"https:\/\/terasrakenne.fi\/en\/wp-json\/wp\/v2\/pages\/59\/revisions\/234"}],"wp:attachment":[{"href":"https:\/\/terasrakenne.fi\/en\/wp-json\/wp\/v2\/media?parent=59"}],"curies":[{"name":"wp","href":"https:\/\/api.w.org\/{rel}","templated":true}]}}