{"id":391,"date":"2023-09-25T15:51:15","date_gmt":"2023-09-25T15:51:15","guid":{"rendered":"https:\/\/terasrakenne.fi\/?page_id=391"},"modified":"2023-09-27T16:03:12","modified_gmt":"2023-09-27T16:03:12","slug":"hae-tekijaa","status":"publish","type":"page","link":"https:\/\/terasrakenne.fi\/en\/hae-tekijaa\/","title":{"rendered":"Hae tekij\u00e4\u00e4"},"content":{"rendered":"<section class=\"bde-section-391-100 bde-section\">\n  \n  \n\t\n\n\n\n<div class=\"section-container\"><h1 class=\"bde-heading-391-102 bde-heading\">\nTer\u00e4srekry\n<\/h1><div class=\"bde-text-391-103 bde-text\">\nL\u00f6yd\u00e4 koneistaja yrityksellesi\n<\/div><div class=\"bde-text-391-104 bde-text\">\nTer\u00e4srakenne toimii my\u00f6s konepaja-ammattilaisten hakijana.<br><br>Yhti\u00f6ss\u00e4mme on taustalla konepajaosaamista ja olemme ymm\u00e4rt\u00e4neet alalla vallitsevan tarpeen osaajista, joita on vaikeaa l\u00f6yt\u00e4\u00e4 kotimaasta.<br><br>Rekrytoimme osaajia ymp\u00e4ri maailman. Etsimme ja esivalitsemme sopivimmat henkil\u00f6t sivuillemme ehdokkaiksi. <br><br>Valitkaa avoinna olevaan teht\u00e4v\u00e4\u00e4n sopivat kriteerit ja j\u00e4rjestelm\u00e4 ehdottaa teille sopivat hakijat.<br><br>Oikean tekij\u00e4n l\u00f6ydytty\u00e4 j\u00e4tt\u00e4k\u00e4\u00e4 meille henkil\u00f6st\u00e4 varaus, jonka j\u00e4lkeen haastattelemme hakijan yhdess\u00e4.<br><br>Hoidamme tarvittavat ty\u00f6- ja oleskeluluvat, sek\u00e4 tekij\u00e4n konepajanne palvelukseen sovittuna ajankohtana.<br>\n<\/div><div class=\"bde-button-391-105 bde-button\">\n    \n                                    \n    \n    \n    \n    \n            \n                    \n            \n            \n\n    \n    \n    \n    \n    \n    <a class=\"breakdance-link button-atom button-atom--primary bde-button__button\" href=\"https:\/\/terasrakenne.fi\/hakijat\/?terasrekry=true\" target=\"_self\" data-type=\"url\"  >\n\n    \n        <span class=\"button-atom__text\">Siirry hakuun t\u00e4st\u00e4<\/span>\n\n        \n        \n                <\/a>\n\n    \n\n\n<\/div><div class=\"bde-form-builder-391-101 bde-form-builder\">\n\n<form id=\"yritysform101\" class=\"breakdance-form breakdance-form--vertical\" data-options=\"{&quot;slug&quot;:&quot;custom&quot;,&quot;name&quot;:&quot;Yritysform&quot;,&quot;ajaxUrl&quot;:&quot;https:\\\/\\\/terasrakenne.fi\\\/wp-admin\\\/admin-ajax.php&quot;,&quot;clearOnSuccess&quot;:true,&quot;hideOnSuccess&quot;:false,&quot;successMessage&quot;:&quot;Vastaanotettu&quot;,&quot;errorMessage&quot;:&quot;Virhe&quot;,&quot;redirect&quot;:true,&quot;redirectUrl&quot;:&quot;https:\\\/\\\/terasrakenne.fi\\\/hakijat\\\/?terasrekry=true&quot;,&quot;customJavaScript&quot;:&quot;&quot;,&quot;recaptcha&quot;:{&quot;key&quot;:&quot;&quot;,&quot;enabled&quot;:false},&quot;honeypot_enabled&quot;:false,&quot;popupsOnSuccess&quot;:[],&quot;popupsOnError&quot;:[]}\" data-steps=\"0\" >\n  \n  \n  \n<div class=\"breakdance-form-field breakdance-form-field--text\" >\n    \n    \n            <label class=\"breakdance-form-field__label\" for=\"name\">\n            Yritys<span class=\"breakdance-form-field__required\">*<\/span>\n        <\/label>\n    \n    <input\n    class=\"breakdance-form-field__input\"\n    id=\"name\"\n    aria-describedby=\"name\"\n    type=\"text\"\n    name=\"fields[name]\"\n    placeholder=\"\"\n    value=\"\"\n                \n        \n        \n    required\n    \n    \n    \n>\n\n\n    \n    \n<\/div>\n\n\n<div class=\"breakdance-form-field breakdance-form-field--text\" >\n    \n    \n            <label class=\"breakdance-form-field__label\" for=\"xpcmcj\">\n            Yhteyshenkil\u00f6<span class=\"breakdance-form-field__required\">*<\/span>\n        <\/label>\n    \n    <input\n    class=\"breakdance-form-field__input\"\n    id=\"xpcmcj\"\n    aria-describedby=\"xpcmcj\"\n    type=\"text\"\n    name=\"fields[xpcmcj]\"\n    placeholder=\"\"\n    value=\"\"\n                \n        \n        \n    required\n    \n    \n    \n>\n\n\n    \n    \n<\/div>\n\n\n<div class=\"breakdance-form-field breakdance-form-field--tel\" >\n    \n    \n            <label class=\"breakdance-form-field__label\" for=\"tcpsnv\">\n            Puhelinnumero<span class=\"breakdance-form-field__required\">*<\/span>\n        <\/label>\n    \n    <input\n    class=\"breakdance-form-field__input\"\n    id=\"tcpsnv\"\n    aria-describedby=\"tcpsnv\"\n    type=\"tel\"\n    name=\"fields[tcpsnv]\"\n    placeholder=\"\"\n    value=\"\"\n                \n        \n        \n    required\n    \n    \n    \n>\n\n\n    \n    \n<\/div>\n\n\n<div class=\"breakdance-form-field breakdance-form-field--email\" >\n    \n    \n            <label class=\"breakdance-form-field__label\" for=\"email\">\n            S\u00e4hk\u00f6posti<span class=\"breakdance-form-field__required\">*<\/span>\n        <\/label>\n    \n    <input\n    class=\"breakdance-form-field__input\"\n    id=\"email\"\n    aria-describedby=\"email\"\n    type=\"email\"\n    name=\"fields[email]\"\n    placeholder=\"\"\n    value=\"\"\n                \n        \n        \n    required\n    \n    \n    \n>\n\n\n    \n    \n<\/div>\n\n\n  \n\n<div class=\"breakdance-form-field breakdance-form-footer\">\n    \n    \n                                    \n    \n    \n    \n    \n            \n            <button type=\"submit\" class=\"button-atom button-atom--primary breakdance-form-button breakdance-form-button__submit\"  >\n    \n        <span class=\"button-atom__text\">L\u00e4het\u00e4<\/span>\n\n        \n        \n            <\/button>\n    \n    <input type=\"hidden\" name=\"form_id\" value=\"101\">\n    <input type=\"hidden\" name=\"post_id\" value=\"391\">\n<\/div>\n\n  \n<\/form>\n\n\n<\/div><\/div>\n<\/section>","protected":false},"excerpt":{"rendered":"<p>Ter\u00e4srekry L\u00f6yd\u00e4 koneistaja yrityksellesi Ter\u00e4srakenne toimii my\u00f6s konepaja-ammattilaisten hakijana.Yhti\u00f6ss\u00e4mme on taustalla konepajaosaamista ja olemme ymm\u00e4rt\u00e4neet alalla vallitsevan tarpeen osaajista, joita on vaikeaa l\u00f6yt\u00e4\u00e4 kotimaasta.Rekrytoimme osaajia ymp\u00e4ri maailman. Etsimme ja esivalitsemme sopivimmat henkil\u00f6t sivuillemme ehdokkaiksi. Valitkaa avoinna olevaan teht\u00e4v\u00e4\u00e4n sopivat kriteerit ja j\u00e4rjestelm\u00e4 ehdottaa teille sopivat hakijat.Oikean tekij\u00e4n l\u00f6ydytty\u00e4 j\u00e4tt\u00e4k\u00e4\u00e4 meille henkil\u00f6st\u00e4 varaus, jonka j\u00e4lkeen haastattelemme [&hellip;]<\/p>\n","protected":false},"author":1,"featured_media":0,"parent":0,"menu_order":0,"comment_status":"closed","ping_status":"closed","template":"","meta":{"_acf_changed":false,"_breakdance_hide_in_design_set":false,"_breakdance_tags":"","footnotes":""},"class_list":["post-391","page","type-page","status-publish","hentry"],"acf":[],"_links":{"self":[{"href":"https:\/\/terasrakenne.fi\/en\/wp-json\/wp\/v2\/pages\/391","targetHints":{"allow":["GET"]}}],"collection":[{"href":"https:\/\/terasrakenne.fi\/en\/wp-json\/wp\/v2\/pages"}],"about":[{"href":"https:\/\/terasrakenne.fi\/en\/wp-json\/wp\/v2\/types\/page"}],"author":[{"embeddable":true,"href":"https:\/\/terasrakenne.fi\/en\/wp-json\/wp\/v2\/users\/1"}],"replies":[{"embeddable":true,"href":"https:\/\/terasrakenne.fi\/en\/wp-json\/wp\/v2\/comments?post=391"}],"version-history":[{"count":11,"href":"https:\/\/terasrakenne.fi\/en\/wp-json\/wp\/v2\/pages\/391\/revisions"}],"predecessor-version":[{"id":663,"href":"https:\/\/terasrakenne.fi\/en\/wp-json\/wp\/v2\/pages\/391\/revisions\/663"}],"wp:attachment":[{"href":"https:\/\/terasrakenne.fi\/en\/wp-json\/wp\/v2\/media?parent=391"}],"curies":[{"name":"wp","href":"https:\/\/api.w.org\/{rel}","templated":true}]}}