{"id":161,"date":"2023-08-15T14:34:43","date_gmt":"2023-08-15T14:34:43","guid":{"rendered":"https:\/\/krpoy.snaplink.fi\/?page_id=161"},"modified":"2023-08-22T15:11:31","modified_gmt":"2023-08-22T15:11:31","slug":"referenssit","status":"publish","type":"page","link":"https:\/\/terasrakenne.fi\/en\/referenssit\/","title":{"rendered":"References"},"content":{"rendered":"<section class=\"bde-section-161-107 bde-section\">\n  \n  \n\t\n\n\n\n<div class=\"section-container\"><h1 class=\"bde-heading-161-108 bde-heading\">\nReferences\n<\/h1><div class=\"bde-post-loop-161-109 bde-post-loop\"><div class=\"bde-loop bde-loop-grid ee-posts ee-posts-grid\">    <article class=\"bde-loop-item ee-post\">\n        <div class=\"bde-div-88-100-130-88-1 bde-div bde-div-88-100\">\n  \n  \n\t\n\n\n\n<style>.breakdance .bde-div-88-106-130-88-1{background-image:url(https:\/\/terasrakenne.fi\/wp-content\/uploads\/2023\/08\/image-036.png)}<\/style><div class=\"bde-div-88-106-130-88-1 bde-div bde-div-88-106\">\n  \n  \n\t\n\n\n\n\n<\/div><div class=\"bde-div-88-108-130-88-1 bde-div bde-div-88-108\">\n  \n  \n\t\n\n\n\n<h3 class=\"bde-heading-88-103-130-88-1 bde-heading bde-heading-88-103\">\nFINNAIR NON-SCHENGEN LOUNGE\n<\/h3>\n<\/div><div class=\"bde-div-88-107-130-88-1 bde-div bde-div-88-107\">\n  \n  \n\t\n\n\n\n<div class=\"bde-text-88-105-130-88-1 bde-text bde-text-88-105\">\n<p>Terminal 2 of Helsinki-Vantaa airport, expansion and modification works, Facilities in use during renovation.<\/p>\n\n<\/div>\n<\/div><div class=\"bde-div-88-109-130-88-1 bde-div bde-div-88-109\">\n  \n  \n\t\n\n\n\n<div class=\"bde-button-88-104-130-88-1 bde-button bde-button-88-104\">\n        \n    \n    \n    \n    \n            \n                    \n            \n            \n\n    \n    \n    \n    \n    \n    <a class=\"breakdance-link button-atom button-atom--primary bde-button__button\" href=\"https:\/\/terasrakenne.fi\/en\/finnair-non-schengen-lounge\/\" target=\"_self\" data-type=\"url\"  >\n\n    \n        <span class=\"button-atom__text\">Read more<\/span>\n\n        \n        \n                <\/a>\n\n    \n\n\n<\/div>\n<\/div>\n<\/div>    <\/article>\n    <article class=\"bde-loop-item ee-post\">\n        <div class=\"bde-div-88-100-128-88-1 bde-div bde-div-88-100\">\n  \n  \n\t\n\n\n\n<style>.breakdance .bde-div-88-106-128-88-1{background-image:url(https:\/\/terasrakenne.fi\/wp-content\/uploads\/2023\/08\/image-030.png)}<\/style><div class=\"bde-div-88-106-128-88-1 bde-div bde-div-88-106\">\n  \n  \n\t\n\n\n\n\n<\/div><div class=\"bde-div-88-108-128-88-1 bde-div bde-div-88-108\">\n  \n  \n\t\n\n\n\n<h3 class=\"bde-heading-88-103-128-88-1 bde-heading bde-heading-88-103\">\nSUVILAHTI GAS CLOCK\n<\/h3>\n<\/div><div class=\"bde-div-88-107-128-88-1 bde-div bde-div-88-107\">\n  \n  \n\t\n\n\n\n<div class=\"bde-text-88-105-128-88-1 bde-text bde-text-88-105\">\n<p>Renewal of the steel structure roof of the old gas clock located in Suvilahti, Helsinki<\/p>\n\n<\/div>\n<\/div><div class=\"bde-div-88-109-128-88-1 bde-div bde-div-88-109\">\n  \n  \n\t\n\n\n\n<div class=\"bde-button-88-104-128-88-1 bde-button bde-button-88-104\">\n        \n    \n    \n    \n    \n            \n                    \n            \n            \n\n    \n    \n    \n    \n    \n    <a class=\"breakdance-link button-atom button-atom--primary bde-button__button\" href=\"https:\/\/terasrakenne.fi\/en\/suvilahden-kaasukello\/\" target=\"_self\" data-type=\"url\"  >\n\n    \n        <span class=\"button-atom__text\">Read more<\/span>\n\n        \n        \n                <\/a>\n\n    \n\n\n<\/div>\n<\/div>\n<\/div>    <\/article>\n    <article class=\"bde-loop-item ee-post\">\n        <div class=\"bde-div-88-100-126-88-1 bde-div bde-div-88-100\">\n  \n  \n\t\n\n\n\n<style>.breakdance .bde-div-88-106-126-88-1{background-image:url(https:\/\/terasrakenne.fi\/wp-content\/uploads\/2023\/08\/image-024.png)}<\/style><div class=\"bde-div-88-106-126-88-1 bde-div bde-div-88-106\">\n  \n  \n\t\n\n\n\n\n<\/div><div class=\"bde-div-88-108-126-88-1 bde-div bde-div-88-108\">\n  \n  \n\t\n\n\n\n<h3 class=\"bde-heading-88-103-126-88-1 bde-heading bde-heading-88-103\">\nMASUUNIKUJA WASTE TREATMENT PLANT\n<\/h3>\n<\/div><div class=\"bde-div-88-107-126-88-1 bde-div bde-div-88-107\">\n  \n  \n\t\n\n\n\n<div class=\"bde-text-88-105-126-88-1 bde-text bde-text-88-105\">\n<p>A waste treatment facility that included a 1800m2 hall, a 170m2 office and a civilian shelter.<\/p>\n\n<\/div>\n<\/div><div class=\"bde-div-88-109-126-88-1 bde-div bde-div-88-109\">\n  \n  \n\t\n\n\n\n<div class=\"bde-button-88-104-126-88-1 bde-button bde-button-88-104\">\n        \n    \n    \n    \n    \n            \n                    \n            \n            \n\n    \n    \n    \n    \n    \n    <a class=\"breakdance-link button-atom button-atom--primary bde-button__button\" href=\"https:\/\/terasrakenne.fi\/en\/masuunikuja-jatteenkasittelylaitos\/\" target=\"_self\" data-type=\"url\"  >\n\n    \n        <span class=\"button-atom__text\">Read more<\/span>\n\n        \n        \n                <\/a>\n\n    \n\n\n<\/div>\n<\/div>\n<\/div>    <\/article>\n    <article class=\"bde-loop-item ee-post\">\n        <div class=\"bde-div-88-100-124-88-1 bde-div bde-div-88-100\">\n  \n  \n\t\n\n\n\n<style>.breakdance .bde-div-88-106-124-88-1{background-image:url(https:\/\/terasrakenne.fi\/wp-content\/uploads\/2023\/08\/image-021.png)}<\/style><div class=\"bde-div-88-106-124-88-1 bde-div bde-div-88-106\">\n  \n  \n\t\n\n\n\n\n<\/div><div class=\"bde-div-88-108-124-88-1 bde-div bde-div-88-108\">\n  \n  \n\t\n\n\n\n<h3 class=\"bde-heading-88-103-124-88-1 bde-heading bde-heading-88-103\">\nTHE WEATHER RADAR TOWER WENT\n<\/h3>\n<\/div><div class=\"bde-div-88-107-124-88-1 bde-div bde-div-88-107\">\n  \n  \n\t\n\n\n\n<div class=\"bde-text-88-105-124-88-1 bde-text bde-text-88-105\">\n<p>The Finnish Meteorological Institute&#039;s new weather radar tower<\/p>\n\n<\/div>\n<\/div><div class=\"bde-div-88-109-124-88-1 bde-div bde-div-88-109\">\n  \n  \n\t\n\n\n\n<div class=\"bde-button-88-104-124-88-1 bde-button bde-button-88-104\">\n        \n    \n    \n    \n    \n            \n                    \n            \n            \n\n    \n    \n    \n    \n    \n    <a class=\"breakdance-link button-atom button-atom--primary bde-button__button\" href=\"https:\/\/terasrakenne.fi\/en\/saatutkatorni-vihti\/\" target=\"_self\" data-type=\"url\"  >\n\n    \n        <span class=\"button-atom__text\">Read more<\/span>\n\n        \n        \n                <\/a>\n\n    \n\n\n<\/div>\n<\/div>\n<\/div>    <\/article>\n    <article class=\"bde-loop-item ee-post\">\n        <div class=\"bde-div-88-100-122-88-1 bde-div bde-div-88-100\">\n  \n  \n\t\n\n\n\n<style>.breakdance .bde-div-88-106-122-88-1{background-image:url(https:\/\/terasrakenne.fi\/wp-content\/uploads\/2023\/08\/image-017.png)}<\/style><div class=\"bde-div-88-106-122-88-1 bde-div bde-div-88-106\">\n  \n  \n\t\n\n\n\n\n<\/div><div class=\"bde-div-88-108-122-88-1 bde-div bde-div-88-108\">\n  \n  \n\t\n\n\n\n<h3 class=\"bde-heading-88-103-122-88-1 bde-heading bde-heading-88-103\">\nGA TELESIS HOSPITAL VISIT BAY\n<\/h3>\n<\/div><div class=\"bde-div-88-107-122-88-1 bde-div bde-div-88-107\">\n  \n  \n\t\n\n\n\n<div class=\"bde-text-88-105-122-88-1 bde-text bde-text-88-105\">\n<p>An extension of the engine repair shop operating in the Helsinki-Vantaa airport area.<\/p>\n\n<\/div>\n<\/div><div class=\"bde-div-88-109-122-88-1 bde-div bde-div-88-109\">\n  \n  \n\t\n\n\n\n<div class=\"bde-button-88-104-122-88-1 bde-button bde-button-88-104\">\n        \n    \n    \n    \n    \n            \n                    \n            \n            \n\n    \n    \n    \n    \n    \n    <a class=\"breakdance-link button-atom button-atom--primary bde-button__button\" href=\"https:\/\/terasrakenne.fi\/en\/ga-telesis-hospital-visit-bay\/\" target=\"_self\" data-type=\"url\"  >\n\n    \n        <span class=\"button-atom__text\">Read more<\/span>\n\n        \n        \n                <\/a>\n\n    \n\n\n<\/div>\n<\/div>\n<\/div>    <\/article>\n    <article class=\"bde-loop-item ee-post\">\n        <div class=\"bde-div-88-100-120-88-1 bde-div bde-div-88-100\">\n  \n  \n\t\n\n\n\n<style>.breakdance .bde-div-88-106-120-88-1{background-image:url(https:\/\/terasrakenne.fi\/wp-content\/uploads\/2023\/08\/image-014.png)}<\/style><div class=\"bde-div-88-106-120-88-1 bde-div bde-div-88-106\">\n  \n  \n\t\n\n\n\n\n<\/div><div class=\"bde-div-88-108-120-88-1 bde-div bde-div-88-108\">\n  \n  \n\t\n\n\n\n<h3 class=\"bde-heading-88-103-120-88-1 bde-heading bde-heading-88-103\">\nRESSU HIGH SCHOOL AND PRIMARY SCHOOL\n<\/h3>\n<\/div><div class=\"bde-div-88-107-120-88-1 bde-div bde-div-88-107\">\n  \n  \n\t\n\n\n\n<div class=\"bde-text-88-105-120-88-1 bde-text bde-text-88-105\">\n<p>The new premises of Ressu high school and elementary school<\/p>\n\n<\/div>\n<\/div><div class=\"bde-div-88-109-120-88-1 bde-div bde-div-88-109\">\n  \n  \n\t\n\n\n\n<div class=\"bde-button-88-104-120-88-1 bde-button bde-button-88-104\">\n        \n    \n    \n    \n    \n            \n                    \n            \n            \n\n    \n    \n    \n    \n    \n    <a class=\"breakdance-link button-atom button-atom--primary bde-button__button\" href=\"https:\/\/terasrakenne.fi\/en\/ressun-lukio-ja-peruskoulu\/\" target=\"_self\" data-type=\"url\"  >\n\n    \n        <span class=\"button-atom__text\">Read more<\/span>\n\n        \n        \n                <\/a>\n\n    \n\n\n<\/div>\n<\/div>\n<\/div>    <\/article>\n    <article class=\"bde-loop-item ee-post\">\n        <div class=\"bde-div-88-100-116-88-1 bde-div bde-div-88-100\">\n  \n  \n\t\n\n\n\n<style>.breakdance .bde-div-88-106-116-88-1{background-image:url(https:\/\/terasrakenne.fi\/wp-content\/uploads\/2023\/08\/image-008.png)}<\/style><div class=\"bde-div-88-106-116-88-1 bde-div bde-div-88-106\">\n  \n  \n\t\n\n\n\n\n<\/div><div class=\"bde-div-88-108-116-88-1 bde-div bde-div-88-108\">\n  \n  \n\t\n\n\n\n<h3 class=\"bde-heading-88-103-116-88-1 bde-heading bde-heading-88-103\">\nTHE WEATHER RADAR TOWER OF KANKAANNAI\n<\/h3>\n<\/div><div class=\"bde-div-88-107-116-88-1 bde-div bde-div-88-107\">\n  \n  \n\t\n\n\n\n<div class=\"bde-text-88-105-116-88-1 bde-text bde-text-88-105\">\n<p>A radar tower commissioned by the Finnish Meteorological Institute<\/p>\n\n<\/div>\n<\/div><div class=\"bde-div-88-109-116-88-1 bde-div bde-div-88-109\">\n  \n  \n\t\n\n\n\n<div class=\"bde-button-88-104-116-88-1 bde-button bde-button-88-104\">\n        \n    \n    \n    \n    \n            \n                    \n            \n            \n\n    \n    \n    \n    \n    \n    <a class=\"breakdance-link button-atom button-atom--primary bde-button__button\" href=\"https:\/\/terasrakenne.fi\/en\/kankaanpaan-saatutkatorni\/\" target=\"_self\" data-type=\"url\"  >\n\n    \n        <span class=\"button-atom__text\">Read more<\/span>\n\n        \n        \n                <\/a>\n\n    \n\n\n<\/div>\n<\/div>\n<\/div>    <\/article>\n    <article class=\"bde-loop-item ee-post\">\n        <div class=\"bde-div-88-100-95-88-1 bde-div bde-div-88-100\">\n  \n  \n\t\n\n\n\n<style>.breakdance .bde-div-88-106-95-88-1{background-image:url(https:\/\/terasrakenne.fi\/wp-content\/uploads\/2023\/08\/image-003.png)}<\/style><div class=\"bde-div-88-106-95-88-1 bde-div bde-div-88-106\">\n  \n  \n\t\n\n\n\n\n<\/div><div class=\"bde-div-88-108-95-88-1 bde-div bde-div-88-108\">\n  \n  \n\t\n\n\n\n<h3 class=\"bde-heading-88-103-95-88-1 bde-heading bde-heading-88-103\">\nTHE SUPPORT FRAME OF THE HIEKAHARJU WATER TOWER\n<\/h3>\n<\/div><div class=\"bde-div-88-107-95-88-1 bde-div bde-div-88-107\">\n  \n  \n\t\n\n\n\n<div class=\"bde-text-88-105-95-88-1 bde-text bde-text-88-105\">\n<p>Demolition site contracted by Fortum Demolition Oy<\/p>\n\n<\/div>\n<\/div><div class=\"bde-div-88-109-95-88-1 bde-div bde-div-88-109\">\n  \n  \n\t\n\n\n\n<div class=\"bde-button-88-104-95-88-1 bde-button bde-button-88-104\">\n        \n    \n    \n    \n    \n            \n                    \n            \n            \n\n    \n    \n    \n    \n    \n    <a class=\"breakdance-link button-atom button-atom--primary bde-button__button\" href=\"https:\/\/terasrakenne.fi\/en\/hiekkaharjun-vesitornin-tukirunko\/\" target=\"_self\" data-type=\"url\"  >\n\n    \n        <span class=\"button-atom__text\">Read more<\/span>\n\n        \n        \n                <\/a>\n\n    \n\n\n<\/div>\n<\/div>\n<\/div>    <\/article>\n    <article class=\"bde-loop-item ee-post\">\n        <div class=\"bde-div-88-100-82-88-1 bde-div bde-div-88-100\">\n  \n  \n\t\n\n\n\n<style>.breakdance .bde-div-88-106-82-88-1{background-image:url(https:\/\/terasrakenne.fi\/wp-content\/uploads\/2023\/08\/image-000.png)}<\/style><div class=\"bde-div-88-106-82-88-1 bde-div bde-div-88-106\">\n  \n  \n\t\n\n\n\n\n<\/div><div class=\"bde-div-88-108-82-88-1 bde-div bde-div-88-108\">\n  \n  \n\t\n\n\n\n<h3 class=\"bde-heading-88-103-82-88-1 bde-heading bde-heading-88-103\">\nKEMI METS\u00c4 FIBER PIPE BRACKET\n<\/h3>\n<\/div><div class=\"bde-div-88-107-82-88-1 bde-div bde-div-88-107\">\n  \n  \n\t\n\n\n\n<div class=\"bde-text-88-105-82-88-1 bde-text bde-text-88-105\">\n<p>Balanus Oy Process piping overall contract<\/p>\n\n<\/div>\n<\/div><div class=\"bde-div-88-109-82-88-1 bde-div bde-div-88-109\">\n  \n  \n\t\n\n\n\n<div class=\"bde-button-88-104-82-88-1 bde-button bde-button-88-104\">\n        \n    \n    \n    \n    \n            \n                    \n            \n            \n\n    \n    \n    \n    \n    \n    <a class=\"breakdance-link button-atom button-atom--primary bde-button__button\" href=\"https:\/\/terasrakenne.fi\/en\/kemi-metsa-fibre-putkikannakkeet-balanus-oy-prosessiputkiston-kokonaisurakka\/\" target=\"_self\" data-type=\"url\"  >\n\n    \n        <span class=\"button-atom__text\">Read more<\/span>\n\n        \n        \n                <\/a>\n\n    \n\n\n<\/div>\n<\/div>\n<\/div>    <\/article>\n<\/div>\r\n<\/div><\/div>\n<\/section>","protected":false},"excerpt":{"rendered":"<p>Referenssit FINNAIR NON-SCHENGEN LOUNGE Helsinki-Vantaa lentoaseman Terminaali 2, laajennus ja muutosty\u00f6t, Tilat k\u00e4yt\u00f6ss\u00e4 saneerauksen aikana. Lue lis\u00e4\u00e4 SUVILAHDEN KAASUKELLO Helsingin Suvilahdessa sijaitsevan vanhan kaasukellon ter\u00e4srakennekaton uusinta Lue lis\u00e4\u00e4 MASUUNIKUJA J\u00c4TTEEN\u00adK\u00c4SITTELYLAITOS J\u00e4tteenk\u00e4sittelylaitos joka sis\u00e4lsi 1800m2 hallin, 170m2 toimiston ja v\u00e4est\u00f6nsuojan. Lue lis\u00e4\u00e4 S\u00c4\u00c4TUTKATORNI VIHTI Ilmatieteenlaitoksen uusi s\u00e4\u00e4tutkatorni Lue lis\u00e4\u00e4 GA TELESIS HOSPITAL VISIT BAY Helsinki-Vantaa lentokentt\u00e4 [&hellip;]<\/p>\n","protected":false},"author":1,"featured_media":0,"parent":0,"menu_order":0,"comment_status":"closed","ping_status":"closed","template":"","meta":{"_acf_changed":false,"_breakdance_hide_in_design_set":false,"_breakdance_tags":"","footnotes":""},"class_list":["post-161","page","type-page","status-publish","hentry"],"acf":[],"_links":{"self":[{"href":"https:\/\/terasrakenne.fi\/en\/wp-json\/wp\/v2\/pages\/161","targetHints":{"allow":["GET"]}}],"collection":[{"href":"https:\/\/terasrakenne.fi\/en\/wp-json\/wp\/v2\/pages"}],"about":[{"href":"https:\/\/terasrakenne.fi\/en\/wp-json\/wp\/v2\/types\/page"}],"author":[{"embeddable":true,"href":"https:\/\/terasrakenne.fi\/en\/wp-json\/wp\/v2\/users\/1"}],"replies":[{"embeddable":true,"href":"https:\/\/terasrakenne.fi\/en\/wp-json\/wp\/v2\/comments?post=161"}],"version-history":[{"count":7,"href":"https:\/\/terasrakenne.fi\/en\/wp-json\/wp\/v2\/pages\/161\/revisions"}],"predecessor-version":[{"id":228,"href":"https:\/\/terasrakenne.fi\/en\/wp-json\/wp\/v2\/pages\/161\/revisions\/228"}],"wp:attachment":[{"href":"https:\/\/terasrakenne.fi\/en\/wp-json\/wp\/v2\/media?parent=161"}],"curies":[{"name":"wp","href":"https:\/\/api.w.org\/{rel}","templated":true}]}}