{"id":13,"date":"2023-08-07T07:38:58","date_gmt":"2023-08-07T07:38:58","guid":{"rendered":"https:\/\/krpoy.snaplink.fi\/?page_id=13"},"modified":"2023-08-25T12:10:55","modified_gmt":"2023-08-25T12:10:55","slug":"krp-oy","status":"publish","type":"page","link":"https:\/\/terasrakenne.fi\/en\/","title":{"rendered":"KRP Oy"},"content":{"rendered":"<section class=\"bde-section-13-100 bde-section\">\n              \n  \n  \n\t\n\n  <div class=\"section-background-overlay\"><\/div>\n\n\n<div class=\"section-container\"><h1 class=\"bde-heading-13-101 bde-heading\">\nKRP OY TER\u00c4SRAKENNE\n<\/h1><div class=\"bde-text-13-102 bde-text\">\nImplements steel and metal structures from design to installation. <br>\n<\/div><\/div>\n<\/section><section class=\"bde-section-13-103 bde-section\">\n  \n  \n\t\n\n\n\n<div class=\"section-container\"><div class=\"bde-columns-13-104 bde-columns\"><div class=\"bde-column-13-105 bde-column\">\n  \n  \n\t\n\n\n\n<div class=\"bde-image-13-107 bde-image\">\n<figure class=\"breakdance-image breakdance-image--17\">\n\t<div class=\"breakdance-image-container\">\n\t\t<div class=\"breakdance-image-clip\"><img loading=\"lazy\" decoding=\"async\" class=\"breakdance-image-object\" src=\"https:\/\/terasrakenne.fi\/wp-content\/uploads\/2023\/08\/KRP_logp.png\" width=\"1672\" height=\"644\" srcset=\"https:\/\/terasrakenne.fi\/wp-content\/uploads\/2023\/08\/KRP_logp.png 1672w, https:\/\/terasrakenne.fi\/wp-content\/uploads\/2023\/08\/KRP_logp-300x116.png 300w, https:\/\/terasrakenne.fi\/wp-content\/uploads\/2023\/08\/KRP_logp-1024x394.png 1024w, https:\/\/terasrakenne.fi\/wp-content\/uploads\/2023\/08\/KRP_logp-768x296.png 768w, https:\/\/terasrakenne.fi\/wp-content\/uploads\/2023\/08\/KRP_logp-1536x592.png 1536w\" sizes=\"auto, (max-width: 1672px) 100vw, 1672px\"><\/div>\n\t<\/div><\/figure>\n\n<\/div>\n<\/div><div class=\"bde-column-13-106 bde-column\">\n  \n  \n\t\n\n\n\n<h2 class=\"bde-heading-13-108 bde-heading\">\nCOMPANY\n<\/h2><div class=\"bde-text-13-110 bde-text\">\nKRP Oy Ter\u00e4srakenne is a company founded in 2019, which, as its name suggests, is focused on steel structures and construction.\n<\/div><div class=\"bde-button-13-111 bde-button\">\n    \n                                    \n    \n    \n    \n    \n            \n                    \n            \n            \n\n    \n    \n    \n    \n    \n    <a class=\"breakdance-link button-atom button-atom--primary bde-button__button\" href=\"https:\/\/terasrakenne.fi\/en\/yritys\/\" target=\"_self\" data-type=\"url\"  >\n\n    \n        <span class=\"button-atom__text\">Read more<\/span>\n\n        \n        \n                <\/a>\n\n    \n\n\n<\/div>\n<\/div><\/div><\/div>\n<\/section><section class=\"bde-section-13-112 bde-section\">\n  \n  \n\t\n\n\n\n<div class=\"section-container\"><div class=\"bde-columns-13-117 bde-columns\"><div class=\"bde-column-13-118 bde-column\">\n  \n  \n\t\n\n\n\n<h1 class=\"bde-heading-13-121 bde-heading\">\nServices\n<\/h1>\n<\/div><div class=\"bde-column-13-119 bde-column\">\n  \n  \n\t\n\n\n\n<div class=\"bde-columns-13-202 bde-columns\"><div class=\"bde-column-13-203 bde-column\">\n  \n  \n\t\n\n\n\n<div class=\"bde-div-13-227 bde-div\">\n  \n  \n\t\n\n\n\n\n<\/div><h3 class=\"bde-heading-13-210 bde-heading\">\nDesign\n<\/h3><div class=\"bde-text-13-209 bde-text\">\nIn construction projects, if necessary, we design the buildings from sensor to brush.\n<\/div><div class=\"bde-button-13-211 bde-button\">\n    \n                                    \n    \n    \n    \n    \n            \n                    \n            \n            \n\n    \n    \n    \n    \n    \n    <a class=\"breakdance-link button-atom button-atom--primary bde-button__button\" href=\"https:\/\/terasrakenne.fi\/en\/suunnittelu\/\" target=\"_self\" data-type=\"url\"  >\n\n    \n        <span class=\"button-atom__text\">Read more<\/span>\n\n        \n        \n                <\/a>\n\n    \n\n\n<\/div>\n<\/div><div class=\"bde-column-13-222 bde-column\">\n  \n  \n\t\n\n\n\n<div class=\"bde-div-13-228 bde-div\">\n  \n  \n\t\n\n\n\n\n<\/div><h3 class=\"bde-heading-13-224 bde-heading\">\nConstruction\n<\/h3><div class=\"bde-text-13-225 bde-text\">\nTypical construction projects for us are various steel-framed canopies, halls, towers, business and production facilities, and business premises.\n<\/div><div class=\"bde-button-13-226 bde-button\">\n    \n                                    \n    \n    \n    \n    \n            \n                    \n            \n            \n\n    \n    \n    \n    \n    \n    <a class=\"breakdance-link button-atom button-atom--primary bde-button__button\" href=\"https:\/\/terasrakenne.fi\/en\/rakentaminen\/\" target=\"_self\" data-type=\"url\"  >\n\n    \n        <span class=\"button-atom__text\">Read more<\/span>\n\n        \n        \n                <\/a>\n\n    \n\n\n<\/div>\n<\/div><div class=\"bde-column-13-217 bde-column\">\n  \n  \n\t\n\n\n\n<div class=\"bde-div-13-229 bde-div\">\n  \n  \n\t\n\n\n\n\n<\/div><h3 class=\"bde-heading-13-219 bde-heading\">\nSteel structures \n<\/h3><div class=\"bde-text-13-220 bde-text\">\nWe implement according to the customer&#039;s plans or help design steel structures.\n<\/div><div class=\"bde-button-13-221 bde-button\">\n    \n                                    \n    \n    \n    \n    \n            \n                    \n            \n            \n\n    \n    \n    \n    \n    \n    <a class=\"breakdance-link button-atom button-atom--primary bde-button__button\" href=\"https:\/\/terasrakenne.fi\/en\/terasrakentaminen\/\" target=\"_self\" data-type=\"url\"  >\n\n    \n        <span class=\"button-atom__text\">Read more<\/span>\n\n        \n        \n                <\/a>\n\n    \n\n\n<\/div>\n<\/div><div class=\"bde-column-13-212 bde-column\">\n  \n  \n\t\n\n\n\n<div class=\"bde-div-13-230 bde-div\">\n  \n  \n\t\n\n\n\n\n<\/div><h3 class=\"bde-heading-13-214 bde-heading\">\nInstallation \n<\/h3><div class=\"bde-text-13-215 bde-text\">\nYou can get all the steel construction parts we deliver installed from us.\n<\/div><div class=\"bde-button-13-216 bde-button\">\n    \n                                    \n    \n    \n    \n    \n            \n                    \n            \n            \n\n    \n    \n    \n    \n    \n    <a class=\"breakdance-link button-atom button-atom--primary bde-button__button\" href=\"https:\/\/terasrakenne.fi\/en\/asennus\/\" target=\"_self\" data-type=\"url\"  >\n\n    \n        <span class=\"button-atom__text\">Read more<\/span>\n\n        \n        \n                <\/a>\n\n    \n\n\n<\/div>\n<\/div><\/div>\n<\/div><\/div><\/div>\n<\/section><section class=\"bde-section-13-113 bde-section\">\n  \n  \n\t\n\n\n\n<div class=\"section-container\"><h2 class=\"bde-heading-13-201 bde-heading\">\nReferences\n<\/h2><div class=\"bde-post-loop-13-199 bde-post-loop\"><div class=\"breakdance-swiper-wrapper\" data-swiper-id=\"199\"><div class=\"swiper\"><div class=\"bde-loop bde-loop-slider ee-posts ee-posts-slider swiper-wrapper\">    <article class=\"bde-loop-item ee-post swiper-slide\">\n        <div class=\"bde-div-88-100-130-88-1 bde-div bde-div-88-100\">\n  \n  \n\t\n\n\n\n<style>.breakdance .bde-div-88-106-130-88-1{background-image:url(https:\/\/terasrakenne.fi\/wp-content\/uploads\/2023\/08\/image-036.png)}<\/style><div class=\"bde-div-88-106-130-88-1 bde-div bde-div-88-106\">\n  \n  \n\t\n\n\n\n\n<\/div><div class=\"bde-div-88-108-130-88-1 bde-div bde-div-88-108\">\n  \n  \n\t\n\n\n\n<h3 class=\"bde-heading-88-103-130-88-1 bde-heading bde-heading-88-103\">\nFINNAIR NON-SCHENGEN LOUNGE\n<\/h3>\n<\/div><div class=\"bde-div-88-107-130-88-1 bde-div bde-div-88-107\">\n  \n  \n\t\n\n\n\n<div class=\"bde-text-88-105-130-88-1 bde-text bde-text-88-105\">\n<p>Terminal 2 of Helsinki-Vantaa airport, expansion and modification works, Facilities in use during renovation.<\/p>\n\n<\/div>\n<\/div><div class=\"bde-div-88-109-130-88-1 bde-div bde-div-88-109\">\n  \n  \n\t\n\n\n\n<div class=\"bde-button-88-104-130-88-1 bde-button bde-button-88-104\">\n    \n                                    \n    \n    \n    \n    \n            \n                    \n            \n            \n\n    \n    \n    \n    \n    \n    <a class=\"breakdance-link button-atom button-atom--primary bde-button__button\" href=\"https:\/\/terasrakenne.fi\/en\/finnair-non-schengen-lounge\/\" target=\"_self\" data-type=\"url\"  >\n\n    \n        <span class=\"button-atom__text\">Read more<\/span>\n\n        \n        \n                <\/a>\n\n    \n\n\n<\/div>\n<\/div>\n<\/div>    <\/article>\n    <article class=\"bde-loop-item ee-post swiper-slide\">\n        <div class=\"bde-div-88-100-128-88-1 bde-div bde-div-88-100\">\n  \n  \n\t\n\n\n\n<style>.breakdance .bde-div-88-106-128-88-1{background-image:url(https:\/\/terasrakenne.fi\/wp-content\/uploads\/2023\/08\/image-030.png)}<\/style><div class=\"bde-div-88-106-128-88-1 bde-div bde-div-88-106\">\n  \n  \n\t\n\n\n\n\n<\/div><div class=\"bde-div-88-108-128-88-1 bde-div bde-div-88-108\">\n  \n  \n\t\n\n\n\n<h3 class=\"bde-heading-88-103-128-88-1 bde-heading bde-heading-88-103\">\nSUVILAHTI GAS CLOCK\n<\/h3>\n<\/div><div class=\"bde-div-88-107-128-88-1 bde-div bde-div-88-107\">\n  \n  \n\t\n\n\n\n<div class=\"bde-text-88-105-128-88-1 bde-text bde-text-88-105\">\n<p>Renewal of the steel structure roof of the old gas clock located in Suvilahti, Helsinki<\/p>\n\n<\/div>\n<\/div><div class=\"bde-div-88-109-128-88-1 bde-div bde-div-88-109\">\n  \n  \n\t\n\n\n\n<div class=\"bde-button-88-104-128-88-1 bde-button bde-button-88-104\">\n    \n                                    \n    \n    \n    \n    \n            \n                    \n            \n            \n\n    \n    \n    \n    \n    \n    <a class=\"breakdance-link button-atom button-atom--primary bde-button__button\" href=\"https:\/\/terasrakenne.fi\/en\/suvilahden-kaasukello\/\" target=\"_self\" data-type=\"url\"  >\n\n    \n        <span class=\"button-atom__text\">Read more<\/span>\n\n        \n        \n                <\/a>\n\n    \n\n\n<\/div>\n<\/div>\n<\/div>    <\/article>\n    <article class=\"bde-loop-item ee-post swiper-slide\">\n        <div class=\"bde-div-88-100-126-88-1 bde-div bde-div-88-100\">\n  \n  \n\t\n\n\n\n<style>.breakdance .bde-div-88-106-126-88-1{background-image:url(https:\/\/terasrakenne.fi\/wp-content\/uploads\/2023\/08\/image-024.png)}<\/style><div class=\"bde-div-88-106-126-88-1 bde-div bde-div-88-106\">\n  \n  \n\t\n\n\n\n\n<\/div><div class=\"bde-div-88-108-126-88-1 bde-div bde-div-88-108\">\n  \n  \n\t\n\n\n\n<h3 class=\"bde-heading-88-103-126-88-1 bde-heading bde-heading-88-103\">\nMASUUNIKUJA WASTE TREATMENT PLANT\n<\/h3>\n<\/div><div class=\"bde-div-88-107-126-88-1 bde-div bde-div-88-107\">\n  \n  \n\t\n\n\n\n<div class=\"bde-text-88-105-126-88-1 bde-text bde-text-88-105\">\n<p>A waste treatment facility that included a 1800m2 hall, a 170m2 office and a civilian shelter.<\/p>\n\n<\/div>\n<\/div><div class=\"bde-div-88-109-126-88-1 bde-div bde-div-88-109\">\n  \n  \n\t\n\n\n\n<div class=\"bde-button-88-104-126-88-1 bde-button bde-button-88-104\">\n    \n                                    \n    \n    \n    \n    \n            \n                    \n            \n            \n\n    \n    \n    \n    \n    \n    <a class=\"breakdance-link button-atom button-atom--primary bde-button__button\" href=\"https:\/\/terasrakenne.fi\/en\/masuunikuja-jatteenkasittelylaitos\/\" target=\"_self\" data-type=\"url\"  >\n\n    \n        <span class=\"button-atom__text\">Read more<\/span>\n\n        \n        \n                <\/a>\n\n    \n\n\n<\/div>\n<\/div>\n<\/div>    <\/article>\n    <article class=\"bde-loop-item ee-post swiper-slide\">\n        <div class=\"bde-div-88-100-124-88-1 bde-div bde-div-88-100\">\n  \n  \n\t\n\n\n\n<style>.breakdance .bde-div-88-106-124-88-1{background-image:url(https:\/\/terasrakenne.fi\/wp-content\/uploads\/2023\/08\/image-021.png)}<\/style><div class=\"bde-div-88-106-124-88-1 bde-div bde-div-88-106\">\n  \n  \n\t\n\n\n\n\n<\/div><div class=\"bde-div-88-108-124-88-1 bde-div bde-div-88-108\">\n  \n  \n\t\n\n\n\n<h3 class=\"bde-heading-88-103-124-88-1 bde-heading bde-heading-88-103\">\nTHE WEATHER RADAR TOWER WENT\n<\/h3>\n<\/div><div class=\"bde-div-88-107-124-88-1 bde-div bde-div-88-107\">\n  \n  \n\t\n\n\n\n<div class=\"bde-text-88-105-124-88-1 bde-text bde-text-88-105\">\n<p>The Finnish Meteorological Institute&#039;s new weather radar tower<\/p>\n\n<\/div>\n<\/div><div class=\"bde-div-88-109-124-88-1 bde-div bde-div-88-109\">\n  \n  \n\t\n\n\n\n<div class=\"bde-button-88-104-124-88-1 bde-button bde-button-88-104\">\n    \n                                    \n    \n    \n    \n    \n            \n                    \n            \n            \n\n    \n    \n    \n    \n    \n    <a class=\"breakdance-link button-atom button-atom--primary bde-button__button\" href=\"https:\/\/terasrakenne.fi\/en\/saatutkatorni-vihti\/\" target=\"_self\" data-type=\"url\"  >\n\n    \n        <span class=\"button-atom__text\">Read more<\/span>\n\n        \n        \n                <\/a>\n\n    \n\n\n<\/div>\n<\/div>\n<\/div>    <\/article>\n    <article class=\"bde-loop-item ee-post swiper-slide\">\n        <div class=\"bde-div-88-100-122-88-1 bde-div bde-div-88-100\">\n  \n  \n\t\n\n\n\n<style>.breakdance .bde-div-88-106-122-88-1{background-image:url(https:\/\/terasrakenne.fi\/wp-content\/uploads\/2023\/08\/image-017.png)}<\/style><div class=\"bde-div-88-106-122-88-1 bde-div bde-div-88-106\">\n  \n  \n\t\n\n\n\n\n<\/div><div class=\"bde-div-88-108-122-88-1 bde-div bde-div-88-108\">\n  \n  \n\t\n\n\n\n<h3 class=\"bde-heading-88-103-122-88-1 bde-heading bde-heading-88-103\">\nGA TELESIS HOSPITAL VISIT BAY\n<\/h3>\n<\/div><div class=\"bde-div-88-107-122-88-1 bde-div bde-div-88-107\">\n  \n  \n\t\n\n\n\n<div class=\"bde-text-88-105-122-88-1 bde-text bde-text-88-105\">\n<p>An extension of the engine repair shop operating in the Helsinki-Vantaa airport area.<\/p>\n\n<\/div>\n<\/div><div class=\"bde-div-88-109-122-88-1 bde-div bde-div-88-109\">\n  \n  \n\t\n\n\n\n<div class=\"bde-button-88-104-122-88-1 bde-button bde-button-88-104\">\n    \n                                    \n    \n    \n    \n    \n            \n                    \n            \n            \n\n    \n    \n    \n    \n    \n    <a class=\"breakdance-link button-atom button-atom--primary bde-button__button\" href=\"https:\/\/terasrakenne.fi\/en\/ga-telesis-hospital-visit-bay\/\" target=\"_self\" data-type=\"url\"  >\n\n    \n        <span class=\"button-atom__text\">Read more<\/span>\n\n        \n        \n                <\/a>\n\n    \n\n\n<\/div>\n<\/div>\n<\/div>    <\/article>\n    <article class=\"bde-loop-item ee-post swiper-slide\">\n        <div class=\"bde-div-88-100-120-88-1 bde-div bde-div-88-100\">\n  \n  \n\t\n\n\n\n<style>.breakdance .bde-div-88-106-120-88-1{background-image:url(https:\/\/terasrakenne.fi\/wp-content\/uploads\/2023\/08\/image-014.png)}<\/style><div class=\"bde-div-88-106-120-88-1 bde-div bde-div-88-106\">\n  \n  \n\t\n\n\n\n\n<\/div><div class=\"bde-div-88-108-120-88-1 bde-div bde-div-88-108\">\n  \n  \n\t\n\n\n\n<h3 class=\"bde-heading-88-103-120-88-1 bde-heading bde-heading-88-103\">\nRESSU HIGH SCHOOL AND PRIMARY SCHOOL\n<\/h3>\n<\/div><div class=\"bde-div-88-107-120-88-1 bde-div bde-div-88-107\">\n  \n  \n\t\n\n\n\n<div class=\"bde-text-88-105-120-88-1 bde-text bde-text-88-105\">\n<p>The new premises of Ressu high school and elementary school<\/p>\n\n<\/div>\n<\/div><div class=\"bde-div-88-109-120-88-1 bde-div bde-div-88-109\">\n  \n  \n\t\n\n\n\n<div class=\"bde-button-88-104-120-88-1 bde-button bde-button-88-104\">\n    \n                                    \n    \n    \n    \n    \n            \n                    \n            \n            \n\n    \n    \n    \n    \n    \n    <a class=\"breakdance-link button-atom button-atom--primary bde-button__button\" href=\"https:\/\/terasrakenne.fi\/en\/ressun-lukio-ja-peruskoulu\/\" target=\"_self\" data-type=\"url\"  >\n\n    \n        <span class=\"button-atom__text\">Read more<\/span>\n\n        \n        \n                <\/a>\n\n    \n\n\n<\/div>\n<\/div>\n<\/div>    <\/article>\n    <article class=\"bde-loop-item ee-post swiper-slide\">\n        <div class=\"bde-div-88-100-116-88-1 bde-div bde-div-88-100\">\n  \n  \n\t\n\n\n\n<style>.breakdance .bde-div-88-106-116-88-1{background-image:url(https:\/\/terasrakenne.fi\/wp-content\/uploads\/2023\/08\/image-008.png)}<\/style><div class=\"bde-div-88-106-116-88-1 bde-div bde-div-88-106\">\n  \n  \n\t\n\n\n\n\n<\/div><div class=\"bde-div-88-108-116-88-1 bde-div bde-div-88-108\">\n  \n  \n\t\n\n\n\n<h3 class=\"bde-heading-88-103-116-88-1 bde-heading bde-heading-88-103\">\nTHE WEATHER RADAR TOWER OF KANKAANNAI\n<\/h3>\n<\/div><div class=\"bde-div-88-107-116-88-1 bde-div bde-div-88-107\">\n  \n  \n\t\n\n\n\n<div class=\"bde-text-88-105-116-88-1 bde-text bde-text-88-105\">\n<p>A radar tower commissioned by the Finnish Meteorological Institute<\/p>\n\n<\/div>\n<\/div><div class=\"bde-div-88-109-116-88-1 bde-div bde-div-88-109\">\n  \n  \n\t\n\n\n\n<div class=\"bde-button-88-104-116-88-1 bde-button bde-button-88-104\">\n    \n                                    \n    \n    \n    \n    \n            \n                    \n            \n            \n\n    \n    \n    \n    \n    \n    <a class=\"breakdance-link button-atom button-atom--primary bde-button__button\" href=\"https:\/\/terasrakenne.fi\/en\/kankaanpaan-saatutkatorni\/\" target=\"_self\" data-type=\"url\"  >\n\n    \n        <span class=\"button-atom__text\">Read more<\/span>\n\n        \n        \n                <\/a>\n\n    \n\n\n<\/div>\n<\/div>\n<\/div>    <\/article>\n    <article class=\"bde-loop-item ee-post swiper-slide\">\n        <div class=\"bde-div-88-100-95-88-1 bde-div bde-div-88-100\">\n  \n  \n\t\n\n\n\n<style>.breakdance .bde-div-88-106-95-88-1{background-image:url(https:\/\/terasrakenne.fi\/wp-content\/uploads\/2023\/08\/image-003.png)}<\/style><div class=\"bde-div-88-106-95-88-1 bde-div bde-div-88-106\">\n  \n  \n\t\n\n\n\n\n<\/div><div class=\"bde-div-88-108-95-88-1 bde-div bde-div-88-108\">\n  \n  \n\t\n\n\n\n<h3 class=\"bde-heading-88-103-95-88-1 bde-heading bde-heading-88-103\">\nTHE SUPPORT FRAME OF THE HIEKAHARJU WATER TOWER\n<\/h3>\n<\/div><div class=\"bde-div-88-107-95-88-1 bde-div bde-div-88-107\">\n  \n  \n\t\n\n\n\n<div class=\"bde-text-88-105-95-88-1 bde-text bde-text-88-105\">\n<p>Demolition site contracted by Fortum Demolition Oy<\/p>\n\n<\/div>\n<\/div><div class=\"bde-div-88-109-95-88-1 bde-div bde-div-88-109\">\n  \n  \n\t\n\n\n\n<div class=\"bde-button-88-104-95-88-1 bde-button bde-button-88-104\">\n    \n                                    \n    \n    \n    \n    \n            \n                    \n            \n            \n\n    \n    \n    \n    \n    \n    <a class=\"breakdance-link button-atom button-atom--primary bde-button__button\" href=\"https:\/\/terasrakenne.fi\/en\/hiekkaharjun-vesitornin-tukirunko\/\" target=\"_self\" data-type=\"url\"  >\n\n    \n        <span class=\"button-atom__text\">Read more<\/span>\n\n        \n        \n                <\/a>\n\n    \n\n\n<\/div>\n<\/div>\n<\/div>    <\/article>\n<\/div><\/div>\n            <div class=\"swiper-button-prev\">\n            \n        <\/div>\n        <div class=\"swiper-button-next\">\n            \n        <\/div>\n    \n            <div class=\"swiper-pagination\"><\/div>\n    \n<\/div>\r\n<\/div><\/div>\n<\/section>","protected":false},"excerpt":{"rendered":"<p>KRP OY TER\u00c4SRAKENNE Toteuttaa ter\u00e4s- ja metallirakenteet suunnittelusta asennukseen. YRITYS KRP Oy Ter\u00e4srakenne on vuonna 2019 perustettu yhti\u00f6, joka nimens\u00e4 mukaisesti on keskittynyt ter\u00e4srakenteisiin ja -rakentamiseen. Lue lis\u00e4\u00e4 Palvelut Suunnittelu Rakentamishankkeissa suunnittelemme tarvittaessa rakennukset anturasta harjalle. Lue lis\u00e4\u00e4 Rakentaminen Meille tyypillisi\u00e4 rakennusprojekteja ovat erilaiset ter\u00e4srunkoiset katokset, hallit, tornit, toimi- ja tuotantotilat sek\u00e4 liiketilat. Lue lis\u00e4\u00e4 [&hellip;]<\/p>\n","protected":false},"author":1,"featured_media":0,"parent":0,"menu_order":0,"comment_status":"closed","ping_status":"closed","template":"","meta":{"_acf_changed":false,"_breakdance_hide_in_design_set":false,"_breakdance_tags":"","footnotes":""},"class_list":["post-13","page","type-page","status-publish","hentry"],"acf":[],"_links":{"self":[{"href":"https:\/\/terasrakenne.fi\/en\/wp-json\/wp\/v2\/pages\/13","targetHints":{"allow":["GET"]}}],"collection":[{"href":"https:\/\/terasrakenne.fi\/en\/wp-json\/wp\/v2\/pages"}],"about":[{"href":"https:\/\/terasrakenne.fi\/en\/wp-json\/wp\/v2\/types\/page"}],"author":[{"embeddable":true,"href":"https:\/\/terasrakenne.fi\/en\/wp-json\/wp\/v2\/users\/1"}],"replies":[{"embeddable":true,"href":"https:\/\/terasrakenne.fi\/en\/wp-json\/wp\/v2\/comments?post=13"}],"version-history":[{"count":46,"href":"https:\/\/terasrakenne.fi\/en\/wp-json\/wp\/v2\/pages\/13\/revisions"}],"predecessor-version":[{"id":268,"href":"https:\/\/terasrakenne.fi\/en\/wp-json\/wp\/v2\/pages\/13\/revisions\/268"}],"wp:attachment":[{"href":"https:\/\/terasrakenne.fi\/en\/wp-json\/wp\/v2\/media?parent=13"}],"curies":[{"name":"wp","href":"https:\/\/api.w.org\/{rel}","templated":true}]}}